{"id":9,"date":"2024-06-26T12:25:55","date_gmt":"2024-06-26T12:25:55","guid":{"rendered":"https:\/\/loulouthemovie.com\/?page_id=9"},"modified":"2025-12-11T07:58:04","modified_gmt":"2025-12-11T07:58:04","slug":"loulou-the-movie","status":"publish","type":"page","link":"https:\/\/loulouthemovie.com\/","title":{"rendered":"LouLou the Movie"},"content":{"rendered":"\n\n\t\t\t\t<img decoding=\"async\" src=\"https:\/\/bblayouts.wpcreative.io\/wp-content\/uploads\/2020\/01\/logo-mountain-dams.png\" alt=\"\" itemprop=\"image\" onerror=\"this.style.display='none'\" loading=\"lazy\" \/>\n\t\t\t\t<img decoding=\"async\" src=\"https:\/\/bblayouts.wpcreative.io\/wp-content\/uploads\/2020\/01\/logo-jett-3.png\" alt=\"\" itemprop=\"image\" onerror=\"this.style.display='none'\" loading=\"lazy\" \/>\n\t\t\t\t<img decoding=\"async\" src=\"https:\/\/bblayouts.wpcreative.io\/wp-content\/uploads\/2020\/01\/logo-youngs-coffee-1.png\" alt=\"\" itemprop=\"image\" onerror=\"this.style.display='none'\" loading=\"lazy\" \/>\n\t\t\t\t<img decoding=\"async\" src=\"https:\/\/bblayouts.wpcreative.io\/wp-content\/uploads\/2020\/01\/logo-travel-7.png\" alt=\"\" itemprop=\"image\" onerror=\"this.style.display='none'\" loading=\"lazy\" \/>\n\t\t\t\t<img decoding=\"async\" src=\"https:\/\/bblayouts.wpcreative.io\/wp-content\/uploads\/2020\/01\/logo-justin-3.png\" alt=\"\" itemprop=\"image\" onerror=\"this.style.display='none'\" loading=\"lazy\" \/>\n\t\t\t\t<img decoding=\"async\" src=\"https:\/\/bblayouts.wpcreative.io\/wp-content\/uploads\/2020\/01\/logo-atr.png\" alt=\"\" itemprop=\"image\" onerror=\"this.style.display='none'\" loading=\"lazy\" \/>\n\t\t\t\t<img decoding=\"async\" src=\"https:\/\/loulouthemovie.com\/wp-content\/uploads\/2025\/11\/site-size-plaatjes_01.png\" alt=\"Loulou rouwverwerking kinderen film\" itemprop=\"image\" height=\"563\" width=\"805\" title=\"Loulou rouwverwerking kinderen film\" onerror=\"this.style.display='none'\" loading=\"lazy\" \/>\n<h2>\n\t\t\tWaarom LouLou er is\t<\/h2>\n\tIemand moeten missen is z\u00f3 groot, z\u00f3 aanwezig, dat het soms ergens tussen je ribben blijft steken.\nDaarom maakte ik deze film voor kinderen die iemand verloren zijn: een opa, oma, een vriendje dat verhuisd is, een huisdier. Voor gevoelens die te groot zijn om woorden aan te geven.\n<h2>\n\t\t\tEen klein verhaal over iets heel groots\t<\/h2>\n\tEen 8-jarig kind heeft zijn vader verloren.<br \/>\nTerwijl hij rouwt bij het graf, trekt een vlinder zijn aandacht. Het kind rent erachter aan. Tijdens het spel vallen ze beiden in een meertje.<br \/>\nHet kind redt de vlinder en zet alles op alles om hem in leven te houden. Het lukt ternauwernood.\n<p>Maar dan kondigt zijn nieuwe vriendje LouLou zijn vertrek aan&#8230;<\/p>\n\t\t\t\t<img decoding=\"async\" src=\"https:\/\/loulouthemovie.com\/wp-content\/uploads\/2025\/11\/site-size-plaatjes_04.png\" alt=\"Kind in de rouw\" itemprop=\"image\" height=\"563\" width=\"805\" title=\"Kind in de rouw\" onerror=\"this.style.display='none'\" loading=\"lazy\" \/>\n\t\t\t\t<img decoding=\"async\" src=\"https:\/\/loulouthemovie.com\/wp-content\/uploads\/2025\/11\/site-size-plaatjes_06.png\" alt=\"Ouder verliezen Rouw\" itemprop=\"image\" height=\"563\" width=\"805\" title=\"Ouder verliezen Rouw\" onerror=\"this.style.display='none'\" loading=\"lazy\" \/>\n<h2>\n\t\t\tVoor kinderen en de volwassenen om hen heen\t<\/h2>\n\t<p>Voor ouders.<br data-start=\"51\" data-end=\"54\" \/>Voor verzorgers.<br data-start=\"70\" data-end=\"73\" \/>Voor therapeuten en begeleiders.<\/p>\n<p><br data-start=\"105\" data-end=\"108\" \/>Voor iedereen die even mee wil lopen in dat grote, ingewikkelde gevoel, waar kinderen vaak nog geen taal voor hebben.<\/p>\n<h2>\n\t\t\tHoe LouLou helpt\t<\/h2>\n\tAls je samen naar deze film kijkt, werkt dat als een soort bruggetje. Je ziet wat er bij Sam gebeurt, en d\u00e1\u00e1r over praten lukt kinderen vaak wel. Zo ontstaat er vanzelf een opening om iets te zeggen over wat er bij h\u00e9n vanbinnen speelt.\nDe film is een tussenstap.<br data-start=\"917\" data-end=\"920\" \/>Een zachte uitnodiging om te praten en te luisteren. Troost. Een voorzichtig begin van verwerking\n\t\t\t\t<img decoding=\"async\" src=\"https:\/\/loulouthemovie.com\/wp-content\/uploads\/2025\/11\/site-size-plaatjes_03.png\" alt=\"Loulou animatiefilm\" itemprop=\"image\" height=\"563\" width=\"805\" title=\"Loulou animatiefilm\" onerror=\"this.style.display='none'\" loading=\"lazy\" \/>\n\t\t\t\t<img decoding=\"async\" src=\"https:\/\/loulouthemovie.com\/wp-content\/uploads\/2025\/11\/site-size-plaatjes_05.png\" alt=\"Kind in de rouw hulp\" itemprop=\"image\" height=\"563\" width=\"805\" title=\"Kind in de rouw hulp\" onerror=\"this.style.display='none'\" loading=\"lazy\" \/>\n<h2>\n\t\t\tWaar te zien?\t<\/h2>\n\t<p>De film is <strong>nu nog niet te zien<\/strong>, hij is namelijk nog niet helemaal af. Er worden bijvoorbeeld nog wat dingen op de juiste plek gezet en geluidseffecten worden toegevoegd.<\/p>\nIn december wordt de film ingediend bij verschillende filmfestivals.<br \/>\n<strong>Volg me op <a href=\"https:\/\/www.instagram.com\/hanimatie\">@hanimatie<\/a> en houd deze website in de gaten<\/strong> om te zien <em>waar<\/em> en <em>wanneer<\/em> precies!\n<h2>\n\t\t\t&#8220;Ik wil graag verhalen vertellen die ertoe doen.&#8221;\t<\/h2>\n\t<p>Meer weten over Hanneke?<\/p>\n\t\t\t<a href=\"https:\/\/loulouthemovie.com\/index.php\/over-hanneke\/\" target=\"_self\">\n\t\t\t\t\t\t\tKlik dan hier\n\t\t\t<\/a>\n\t\t\t\t<img decoding=\"async\" src=\"https:\/\/loulouthemovie.com\/wp-content\/uploads\/2025\/11\/Hanimatie.png\" alt=\"Hanneke van der Linden\" itemprop=\"image\" height=\"1920\" width=\"1080\" title=\"Hanneke van der Linden\" onerror=\"this.style.display='none'\" loading=\"lazy\" \/>\n\n","protected":false},"excerpt":{"rendered":"<p>Waarom LouLou er is Iemand moeten missen is z\u00f3 groot, z\u00f3 aanwezig, dat het soms ergens tussen je ribben blijft steken. Daarom maakte ik deze film voor kinderen die iemand verloren zijn: een opa, oma, een vriendje dat verhuisd is, een huisdier. Voor gevoelens die te groot zijn om woorden aan te geven. Een klein&hellip;<\/p>\n","protected":false},"author":1,"featured_media":0,"parent":0,"menu_order":0,"comment_status":"closed","ping_status":"closed","template":"","meta":{"footnotes":""},"class_list":["post-9","page","type-page","status-publish","hentry"],"_links":{"self":[{"href":"https:\/\/loulouthemovie.com\/index.php\/wp-json\/wp\/v2\/pages\/9","targetHints":{"allow":["GET"]}}],"collection":[{"href":"https:\/\/loulouthemovie.com\/index.php\/wp-json\/wp\/v2\/pages"}],"about":[{"href":"https:\/\/loulouthemovie.com\/index.php\/wp-json\/wp\/v2\/types\/page"}],"author":[{"embeddable":true,"href":"https:\/\/loulouthemovie.com\/index.php\/wp-json\/wp\/v2\/users\/1"}],"replies":[{"embeddable":true,"href":"https:\/\/loulouthemovie.com\/index.php\/wp-json\/wp\/v2\/comments?post=9"}],"version-history":[{"count":48,"href":"https:\/\/loulouthemovie.com\/index.php\/wp-json\/wp\/v2\/pages\/9\/revisions"}],"predecessor-version":[{"id":29232,"href":"https:\/\/loulouthemovie.com\/index.php\/wp-json\/wp\/v2\/pages\/9\/revisions\/29232"}],"wp:attachment":[{"href":"https:\/\/loulouthemovie.com\/index.php\/wp-json\/wp\/v2\/media?parent=9"}],"curies":[{"name":"wp","href":"https:\/\/api.w.org\/{rel}","templated":true}]}}